{"id":23457,"date":"2023-11-23T14:06:54","date_gmt":"2023-11-23T14:06:54","guid":{"rendered":"https:\/\/finpath.keydesign.xyz\/accounting\/?page_id=23457"},"modified":"2025-02-12T04:49:54","modified_gmt":"2025-02-12T04:49:54","slug":"bize-ulasin","status":"publish","type":"page","link":"https:\/\/www.asnapartnership.com\/en\/bize-ulasin\/","title":{"rendered":"Contact us"},"content":{"rendered":"<div data-elementor-type=\"wp-page\" data-elementor-id=\"23457\" class=\"elementor elementor-23457\">\n\t\t\t\t<div class=\"elementor-element elementor-element-4b4af60 e-flex e-con-boxed e-con e-parent\" data-id=\"4b4af60\" data-element_type=\"container\">\n\t\t\t\t\t<div class=\"e-con-inner\">\n\t\t<div class=\"elementor-element elementor-element-82b14d9 e-con-full e-flex e-con e-child\" data-id=\"82b14d9\" data-element_type=\"container\">\n\t\t\t\t<div class=\"elementor-element elementor-element-2284e7d animated-fast elementor-widget__width-initial elementor-invisible elementor-widget elementor-widget-elementskit-heading\" data-id=\"2284e7d\" data-element_type=\"widget\" data-settings=\"{&quot;_animation&quot;:&quot;fadeIn&quot;,&quot;_animation_delay&quot;:100,&quot;ekit_we_effect_on&quot;:&quot;css&quot;}\" data-widget_type=\"elementskit-heading.default\">\n\t\t\t\t<div class=\"elementor-widget-container\">\n\t\t\t\t\t<div class=\"ekit-wid-con\" ><div class=\"ekit-heading elementskit-section-title-wraper text_left   ekit_heading_tablet-   ekit_heading_mobile-text_left\"><h6 class=\"elementskit-section-subtitle   ekit-heading__subtitle-has-border\">\n\t\t\t\t\t\tASNA PARTNERSHIP\n\t\t\t\t\t<\/h6><h2 class=\"ekit-heading--title elementskit-section-title\">Contact us<\/h2>\t\t\t\t<div class='ekit-heading__description'>\n\t\t\t\t\t<p>Contact us for more information.<\/p>\n\t\t\t\t<\/div>\n\t\t\t<\/div><\/div>\t\t\t\t<\/div>\n\t\t\t\t<\/div>\n\t\t\t\t<div class=\"elementor-element elementor-element-1ab5f17 elementor-widget__width-inherit animated-fast elementor-invisible elementor-widget elementor-widget-elementskit-contact-form7\" data-id=\"1ab5f17\" data-element_type=\"widget\" data-settings=\"{&quot;_animation&quot;:&quot;fadeIn&quot;,&quot;_animation_delay&quot;:200,&quot;ekit_we_effect_on&quot;:&quot;none&quot;}\" data-widget_type=\"elementskit-contact-form7.default\">\n\t\t\t\t<div class=\"elementor-widget-container\">\n\t\t\t\t\t<div class=\"ekit-wid-con\" ><div class=\"ekit-form\">\n<div class=\"wpcf7 no-js\" id=\"wpcf7-f10448-o1\" lang=\"en-US\" dir=\"ltr\" data-wpcf7-id=\"10448\">\n<div class=\"screen-reader-response\"><p role=\"status\" aria-live=\"polite\" aria-atomic=\"true\"><\/p> <ul><\/ul><\/div>\n<form action=\"\/wp-json\/wp\/v2\/pages\/23457\" method=\"post\" class=\"wpcf7-form init\" aria-label=\"Contact form\" novalidate=\"novalidate\" data-status=\"init\" data-trp-original-action=\"\/en\/wp-json\/wp\/v2\/pages\/23457#wpcf7-f10448-o1\">\n<div style=\"display: none;\">\n<input type=\"hidden\" name=\"_wpcf7\" value=\"10448\" \/>\n<input type=\"hidden\" name=\"_wpcf7_version\" value=\"6.0.3\" \/>\n<input type=\"hidden\" name=\"_wpcf7_locale\" value=\"en_US\" \/>\n<input type=\"hidden\" name=\"_wpcf7_unit_tag\" value=\"wpcf7-f10448-o1\" \/>\n<input type=\"hidden\" name=\"_wpcf7_container_post\" value=\"0\" \/>\n<input type=\"hidden\" name=\"_wpcf7_posted_data_hash\" value=\"\" \/>\n<\/div>\n<div class=\"keydesign-label\">\n\t<p><label>Name Surname<\/label><span class=\"wpcf7-form-control-wrap\" data-name=\"your-name\"><input size=\"40\" maxlength=\"400\" class=\"wpcf7-form-control wpcf7-text wpcf7-validates-as-required\" aria-required=\"true\" aria-invalid=\"false\" value=\"\" type=\"text\" name=\"your-name\" \/><\/span>\n\t<\/p>\n<\/div>\n<div class=\"keydesign-label\">\n\t<p><label>E-Mail Address<\/label><span class=\"wpcf7-form-control-wrap\" data-name=\"your-email\"><input size=\"40\" maxlength=\"400\" class=\"wpcf7-form-control wpcf7-email wpcf7-validates-as-required wpcf7-text wpcf7-validates-as-email\" aria-required=\"true\" aria-invalid=\"false\" value=\"\" type=\"email\" name=\"your-email\" \/><\/span>\n\t<\/p>\n<\/div>\n<div class=\"keydesign-label\">\n\t<p><label>Your message<\/label><span class=\"wpcf7-form-control-wrap\" data-name=\"your-message\"><textarea cols=\"40\" rows=\"10\" maxlength=\"2000\" class=\"wpcf7-form-control wpcf7-textarea\" aria-invalid=\"false\" name=\"your-message\"><\/textarea><\/span>\n\t<\/p>\n<\/div>\n<p><input class=\"wpcf7-form-control wpcf7-submit has-spinner\" type=\"submit\" value=\"Send\" \/>\n<\/p><div class=\"wpcf7-response-output\" aria-hidden=\"true\"><\/div>\n<input type=\"hidden\" name=\"trp-form-language\" value=\"en\"\/><\/form>\n<\/div>\n<\/div><\/div>\t\t\t\t<\/div>\n\t\t\t\t<\/div>\n\t\t\t\t<\/div>\n\t\t<div class=\"elementor-element elementor-element-1440e85 e-con-full e-flex e-con e-child\" data-id=\"1440e85\" data-element_type=\"container\">\n\t\t\t\t<div class=\"elementor-element elementor-element-0849fe0 elementor-widget elementor-widget-google_maps\" data-id=\"0849fe0\" data-element_type=\"widget\" data-settings=\"{&quot;ekit_we_effect_on&quot;:&quot;none&quot;}\" data-widget_type=\"google_maps.default\">\n\t\t\t\t<div class=\"elementor-widget-container\">\n\t\t\t\t\t\t\t<div class=\"elementor-custom-embed\">\n\t\t\t<iframe loading=\"lazy\"\n\t\t\t\t\tsrc=\"https:\/\/maps.google.com\/maps?q=%C3%9Csk%C3%BCdar%20Nev%C3%A7ar%C5%9F%C4%B1&#038;t=m&#038;z=13&#038;output=embed&#038;iwloc=near\"\n\t\t\t\t\ttitle=\"Uskudar Nev\u00e7ar\u015f\u0131\"\n\t\t\t\t\taria-label=\"Uskudar Nev\u00e7ar\u015f\u0131\"\n\t\t\t><\/iframe>\n\t\t<\/div>\n\t\t\t\t\t\t<\/div>\n\t\t\t\t<\/div>\n\t\t\t\t<\/div>\n\t\t\t\t\t<\/div>\n\t\t\t\t<\/div>\n\t\t\t\t<\/div>","protected":false},"excerpt":{"rendered":"<p>ASNA PARTNERSHIP Contact Us Contact us for detailed information. Name Surname E-Mail Address Your Message<\/p>","protected":false},"author":1,"featured_media":0,"parent":0,"menu_order":0,"comment_status":"closed","ping_status":"closed","template":"","meta":{"footnotes":""},"class_list":["post-23457","page","type-page","status-publish","hentry"],"_links":{"self":[{"href":"https:\/\/www.asnapartnership.com\/en\/wp-json\/wp\/v2\/pages\/23457","targetHints":{"allow":["GET"]}}],"collection":[{"href":"https:\/\/www.asnapartnership.com\/en\/wp-json\/wp\/v2\/pages"}],"about":[{"href":"https:\/\/www.asnapartnership.com\/en\/wp-json\/wp\/v2\/types\/page"}],"author":[{"embeddable":true,"href":"https:\/\/www.asnapartnership.com\/en\/wp-json\/wp\/v2\/users\/1"}],"replies":[{"embeddable":true,"href":"https:\/\/www.asnapartnership.com\/en\/wp-json\/wp\/v2\/comments?post=23457"}],"version-history":[{"count":8,"href":"https:\/\/www.asnapartnership.com\/en\/wp-json\/wp\/v2\/pages\/23457\/revisions"}],"predecessor-version":[{"id":24551,"href":"https:\/\/www.asnapartnership.com\/en\/wp-json\/wp\/v2\/pages\/23457\/revisions\/24551"}],"wp:attachment":[{"href":"https:\/\/www.asnapartnership.com\/en\/wp-json\/wp\/v2\/media?parent=23457"}],"curies":[{"name":"wp","href":"https:\/\/api.w.org\/{rel}","templated":true}]}}